{"id":1227,"date":"2022-01-07T10:17:33","date_gmt":"2022-01-07T10:17:33","guid":{"rendered":"https:\/\/artimedia.pro\/?page_id=1227"},"modified":"2022-02-07T20:20:25","modified_gmt":"2022-02-07T18:20:25","slug":"photography","status":"publish","type":"page","link":"https:\/\/artimedia.pro\/en\/photography\/","title":{"rendered":"Photo portfolio"},"content":{"rendered":"<div class=\"wpb-content-wrapper\"><div class=\"vc_row wpb_row vc_row-fluid\" style=\"  \"><div class=\"wpb_column vc_column_container vc_col-sm-12\"><div class=\"vc_column-inner\" style=\"  \"><div class=\"wpb_wrapper\"><div class=\"vc_separator wpb_content_element vc_separator_align_center vc_sep_width_100 vc_sep_pos_align_center vc_separator_no_text vc_sep_color_grey wpb_content_element  wpb_content_element\" ><span class=\"vc_sep_holder vc_sep_holder_l\"><span class=\"vc_sep_line\"><\/span><\/span><span class=\"vc_sep_holder vc_sep_holder_r\"><span class=\"vc_sep_line\"><\/span><\/span>\n<\/div>\n\t<div class=\"wpb_text_column wpb_content_element\" >\n\t\t<div class=\"wpb_wrapper\">\n\t\t\t<p class=\"translation-block\">We do not only photograph concerts or entertainment events - our team can professionally capture business events, corporate celebrations and conferences.<\/p>\n<p class=\"translation-block\">A few specific categories are listed below, but we are always ready to help implement your ideas!<\/p>\n<p>A few specific categories are listed below, but we are always ready to help implement your ideas!<\/p>\n\n\t\t<\/div>\n\t<\/div>\n<div class=\"categories-grid\"><div class=\"categories-grid-item col-xs-12 col-sm-4 col-md-4\"><a href=\"https:\/\/artimedia.pro\/index.php\/project\/pramoginiai-renginiai\/\" style=\"\" target=\"_self\"><span>Events<\/span><\/a><\/div><div class=\"categories-grid-item col-xs-12 col-sm-4 col-md-4\"><a href=\"https:\/\/artimedia.pro\/index.php\/project\/nekilnojamas-turtas\/\" style=\"background-image: url(https:\/\/artimedia.pro\/wp-content\/uploads\/2022\/01\/6-1-min-1024x683.jpg);\" target=\"_self\"><span>Real estate<\/span><\/a><\/div><div class=\"categories-grid-item col-xs-12 col-sm-4 col-md-4\"><a href=\"https:\/\/artimedia.pro\/en\/produktu-fotografija-verslui\/\" style=\"\" target=\"_self\"><span>Product photography and video<\/span><\/a><\/div><div class=\"categories-grid-item col-xs-12 col-sm-4 col-md-4\"><a href=\"https:\/\/artimedia.pro\/index.php\/project\/renginiai-ir-konferencijos\/\" style=\"background-image: url(https:\/\/artimedia.pro\/wp-content\/uploads\/2022\/01\/DSC04905-1024x683.jpg);\" target=\"_self\"><span>Corporate events<\/span><\/a><\/div><div class=\"categories-grid-item col-xs-12 col-sm-4 col-md-4\"><a href=\"https:\/\/artimedia.pro\/index.php\/project\/produktai\/\" style=\"\" target=\"_self\"><span>Professional photoshoots<\/span><\/a><\/div><div class=\"categories-grid-item col-xs-12 col-sm-4 col-md-4\"><a href=\"https:\/\/artimedia.pro\/index.php\/project\/koncertai\/\" style=\"\" target=\"_self\"><span>Live music photography<\/span><\/a><\/div><\/div><div class=\"vc_separator wpb_content_element vc_separator_align_center vc_sep_width_100 vc_sep_pos_align_center vc_sep_color_grey wpb_content_element vc_separator-has-text\" ><span class=\"vc_sep_holder vc_sep_holder_l\"><span class=\"vc_sep_line\"><\/span><\/span><h4>Need a photographer? Get in touch with a brief description of your requirements!<\/h4><span class=\"vc_sep_holder vc_sep_holder_r\"><span class=\"vc_sep_line\"><\/span><\/span>\n<\/div><\/div><\/div><\/div><div class=\"wpb_column vc_column_container vc_col-sm-12\"><div class=\"vc_column-inner\" style=\"  \"><div class=\"wpb_wrapper\"><div class=\"pt-special-heading pt-special-heading-5b31e89bee1c8  tac  vc_custom_1644256909659 decor-line-on-bottom\"><h6 class=\"sub-heading\">Contacts<\/h6><h2 class=\"heading\">Contact us<\/h2><\/div>\n\t<div class=\"wpb_text_column wpb_content_element\" >\n\t\t<div class=\"wpb_wrapper\">\n\t\t\t<div style=\"margin: 0 auto; max-width: 520px; text-align: center;\">\n<div style=\"margin: 0 auto; max-width: 520px; text-align: center;\">\n<div class=\"wpcf7 no-js\" id=\"wpcf7-f1853-o1\" lang=\"en-US\" dir=\"ltr\" data-wpcf7-id=\"1853\">\n<div class=\"screen-reader-response\"><p role=\"status\" aria-live=\"polite\" aria-atomic=\"true\"><\/p> <ul><\/ul><\/div>\n<form action=\"\/en\/wp-json\/wp\/v2\/pages\/1227#wpcf7-f1853-o1\" method=\"post\" class=\"wpcf7-form init\" aria-label=\"Contact form\" novalidate=\"novalidate\" data-status=\"init\" data-trp-original-action=\"\/en\/wp-json\/wp\/v2\/pages\/1227#wpcf7-f1853-o1\">\n<div style=\"display: none;\">\n<input type=\"hidden\" name=\"_wpcf7\" value=\"1853\" \/>\n<input type=\"hidden\" name=\"_wpcf7_version\" value=\"6.0.6\" \/>\n<input type=\"hidden\" name=\"_wpcf7_locale\" value=\"en_US\" \/>\n<input type=\"hidden\" name=\"_wpcf7_unit_tag\" value=\"wpcf7-f1853-o1\" \/>\n<input type=\"hidden\" name=\"_wpcf7_container_post\" value=\"0\" \/>\n<input type=\"hidden\" name=\"_wpcf7_posted_data_hash\" value=\"\" \/>\n<\/div>\n<div class=\"contact-form row\">\n\t<div class=\"col-xs-12 col-sm-6\">\n\t\t<p><label for=\"\">Name<\/label><span class=\"wpcf7-form-control-wrap\" data-name=\"f-name\"><input size=\"40\" maxlength=\"400\" class=\"wpcf7-form-control wpcf7-text style1\" aria-invalid=\"false\" value=\"\" type=\"text\" name=\"f-name\" \/><\/span>\n\t\t<\/p>\n\t<\/div>\n\t<div class=\"col-xs-12 col-sm-6\">\n\t\t<p><label for=\"\">Email<\/label><span class=\"wpcf7-form-control-wrap\" data-name=\"f-mail\"><input size=\"40\" maxlength=\"400\" class=\"wpcf7-form-control wpcf7-text style1\" aria-invalid=\"false\" value=\"\" type=\"text\" name=\"f-mail\" \/><\/span>\n\t\t<\/p>\n\t<\/div>\n\t<div class=\"col-xs-12\">\n\t\t<p><label for=\"\">Your enquiry:<\/label><span class=\"wpcf7-form-control-wrap\" data-name=\"f-text\"><textarea cols=\"40\" rows=\"4\" maxlength=\"2000\" class=\"wpcf7-form-control wpcf7-textarea style1\" aria-invalid=\"false\" name=\"f-text\"><\/textarea><\/span>\n\t\t<\/p>\n\t<\/div>\n\t<div class=\"col-xs-12\">\n\t\t<p><input class=\"wpcf7-form-control wpcf7-submit has-spinner button-style2\" type=\"submit\" value=\"Send\" \/>\n\t\t<\/p>\n\t<\/div>\n<\/div><div class=\"wpcf7-response-output\" aria-hidden=\"true\"><\/div>\n<input type=\"hidden\" name=\"trp-form-language\" value=\"en\"\/><\/form>\n<\/div>\n<\/div>\n<\/div>\n\n\t\t<\/div>\n\t<\/div>\n\n\t<div class=\"wpb_raw_code wpb_raw_html wpb_content_element vc_custom_1644256967376\" >\n\t\t<div class=\"wpb_wrapper\">\n\t\t\t<div class=\"bottom-contact block\"><div class=\"c\"><i class=\"base-icons-phone-call\"><\/i> <span>+370 662 12064<\/span><\/div><div class=\"c\"><i class=\"base-icons-envelope\"><\/i> <span>info@andarte.pro<\/span><\/div><div class=\"c\"><i class=\"base-icons-placeholder\"><\/i> <span>Vilnius, Lietuva<\/span><\/div><\/div>\n\t\t<\/div>\n\t<\/div>\n<\/div><\/div><\/div><div class=\"wpb_column vc_column_container vc_col-sm-12\"><div class=\"vc_column-inner\" style=\"  \"><div class=\"wpb_wrapper\"><\/div><\/div><\/div><\/div>\n<\/div>","protected":false},"excerpt":{"rendered":"Fotografuojame ne tik koncertus ar pramoginius renginius - m\u016bs\u0173 komanda gali profesionaliai \u012fam\u017einti verslo renginius, \u012fmoni\u0173 \u0161ventes ir konferencijas. Turime patirties dirbant tiek su individualiais klientais (k\u016brybin\u0117s asmenin\u0117s fotosesijos, portretai), tiek su tarptautin\u0117mis kompanijomis (produkt\u0173 fotografija, profesin\u0117s fotosesijos, nekilnojamo turto fotografija). Kelios specifin\u0117s kategorijos sura\u0161ytos apa\u010dioje, ta\u010diau visad esame pasiruo\u0161\u0119 pad\u0117ti \u012fgyvendinti j\u016bs\u0173 id\u0117jas! RenginiaiNTProdukt\u0173 [...]","protected":false},"author":1,"featured_media":0,"parent":0,"menu_order":0,"comment_status":"closed","ping_status":"closed","template":"","meta":{"_acf_changed":false,"_monsterinsights_skip_tracking":false,"_monsterinsights_sitenote_active":false,"_monsterinsights_sitenote_note":"","_monsterinsights_sitenote_category":0,"pgc_sgb_lightbox_settings":"","footnotes":""},"folder":[],"class_list":["post-1227","page","type-page","status-publish","hentry"],"acf":[],"_links":{"self":[{"href":"https:\/\/artimedia.pro\/en\/wp-json\/wp\/v2\/pages\/1227"}],"collection":[{"href":"https:\/\/artimedia.pro\/en\/wp-json\/wp\/v2\/pages"}],"about":[{"href":"https:\/\/artimedia.pro\/en\/wp-json\/wp\/v2\/types\/page"}],"author":[{"embeddable":true,"href":"https:\/\/artimedia.pro\/en\/wp-json\/wp\/v2\/users\/1"}],"replies":[{"embeddable":true,"href":"https:\/\/artimedia.pro\/en\/wp-json\/wp\/v2\/comments?post=1227"}],"version-history":[{"count":11,"href":"https:\/\/artimedia.pro\/en\/wp-json\/wp\/v2\/pages\/1227\/revisions"}],"predecessor-version":[{"id":2431,"href":"https:\/\/artimedia.pro\/en\/wp-json\/wp\/v2\/pages\/1227\/revisions\/2431"}],"wp:attachment":[{"href":"https:\/\/artimedia.pro\/en\/wp-json\/wp\/v2\/media?parent=1227"}],"wp:term":[{"taxonomy":"folder","embeddable":true,"href":"https:\/\/artimedia.pro\/en\/wp-json\/wp\/v2\/folder?post=1227"}],"curies":[{"name":"wp","href":"https:\/\/api.w.org\/{rel}","templated":true}]}}