{"id":271,"date":"2018-06-06T13:49:56","date_gmt":"2018-06-06T13:49:56","guid":{"rendered":"http:\/\/promo-theme.com\/sansara\/?page_id=271"},"modified":"2024-10-25T13:40:43","modified_gmt":"2024-10-25T11:40:43","slug":"contact","status":"publish","type":"page","link":"https:\/\/artimedia.pro\/en\/contact\/","title":{"rendered":"Contacts"},"content":{"rendered":"<div class=\"wpb-content-wrapper\"><div class=\"vc_row wpb_row vc_row-fluid vc_custom_1530000500610 vc_row-has-fill\" style=\"background-position: center center !important;  \"><div class=\"wpb_column vc_column_container vc_col-sm-12\"><div class=\"vc_column-inner\" style=\"  \"><div class=\"wpb_wrapper\"><div class=\"pt-special-heading pt-special-heading-5b31e89bee1c8  tac  vc_custom_1729856325968 decor-line-on-bottom\"><h6 class=\"sub-heading\">Contacts<\/h6><h2 class=\"heading\">Get in touch!<\/h2><\/div>\n\t<div class=\"wpb_text_column wpb_content_element\" >\n\t\t<div class=\"wpb_wrapper\">\n\t\t\t<div style=\"margin: 0 auto; max-width: 520px; text-align: center;\">\n<div style=\"margin: 0 auto; max-width: 520px; text-align: center;\">\n<div class=\"wpcf7 no-js\" id=\"wpcf7-f1853-o1\" lang=\"en-US\" dir=\"ltr\" data-wpcf7-id=\"1853\">\n<div class=\"screen-reader-response\"><p role=\"status\" aria-live=\"polite\" aria-atomic=\"true\"><\/p> <ul><\/ul><\/div>\n<form action=\"\/en\/wp-json\/wp\/v2\/pages\/271#wpcf7-f1853-o1\" method=\"post\" class=\"wpcf7-form init\" aria-label=\"Contact form\" novalidate=\"novalidate\" data-status=\"init\" data-trp-original-action=\"\/en\/wp-json\/wp\/v2\/pages\/271#wpcf7-f1853-o1\">\n<div style=\"display: none;\">\n<input type=\"hidden\" name=\"_wpcf7\" value=\"1853\" \/>\n<input type=\"hidden\" name=\"_wpcf7_version\" value=\"6.0.6\" \/>\n<input type=\"hidden\" name=\"_wpcf7_locale\" value=\"en_US\" \/>\n<input type=\"hidden\" name=\"_wpcf7_unit_tag\" value=\"wpcf7-f1853-o1\" \/>\n<input type=\"hidden\" name=\"_wpcf7_container_post\" value=\"0\" \/>\n<input type=\"hidden\" name=\"_wpcf7_posted_data_hash\" value=\"\" \/>\n<\/div>\n<div class=\"contact-form row\">\n\t<div class=\"col-xs-12 col-sm-6\">\n\t\t<p><label for=\"\">Name<\/label><span class=\"wpcf7-form-control-wrap\" data-name=\"f-name\"><input size=\"40\" maxlength=\"400\" class=\"wpcf7-form-control wpcf7-text style1\" aria-invalid=\"false\" value=\"\" type=\"text\" name=\"f-name\" \/><\/span>\n\t\t<\/p>\n\t<\/div>\n\t<div class=\"col-xs-12 col-sm-6\">\n\t\t<p><label for=\"\">Email<\/label><span class=\"wpcf7-form-control-wrap\" data-name=\"f-mail\"><input size=\"40\" maxlength=\"400\" class=\"wpcf7-form-control wpcf7-text style1\" aria-invalid=\"false\" value=\"\" type=\"text\" name=\"f-mail\" \/><\/span>\n\t\t<\/p>\n\t<\/div>\n\t<div class=\"col-xs-12\">\n\t\t<p><label for=\"\">Your enquiry:<\/label><span class=\"wpcf7-form-control-wrap\" data-name=\"f-text\"><textarea cols=\"40\" rows=\"4\" maxlength=\"2000\" class=\"wpcf7-form-control wpcf7-textarea style1\" aria-invalid=\"false\" name=\"f-text\"><\/textarea><\/span>\n\t\t<\/p>\n\t<\/div>\n\t<div class=\"col-xs-12\">\n\t\t<p><input class=\"wpcf7-form-control wpcf7-submit has-spinner button-style2\" type=\"submit\" value=\"Send\" \/>\n\t\t<\/p>\n\t<\/div>\n<\/div><div class=\"wpcf7-response-output\" aria-hidden=\"true\"><\/div>\n<input type=\"hidden\" name=\"trp-form-language\" value=\"en\"\/><\/form>\n<\/div>\n<\/div>\n<\/div>\n\n\t\t<\/div>\n\t<\/div>\n\n\t<div class=\"wpb_raw_code wpb_raw_html wpb_content_element vc_custom_1729586992783\" >\n\t\t<div class=\"wpb_wrapper\">\n\t\t\t<div class=\"bottom-contact block\"><div class=\"c\"><i class=\"base-icons-phone-call\"><\/i> <span>+370 662 12064<\/span><\/div><div class=\"c\"><i class=\"base-icons-envelope\"><\/i> <span>info@artimedia.pro<\/span><\/div><div class=\"c\"><i class=\"base-icons-placeholder\"><\/i> <span>Vilnius, Lietuva<\/span><\/div><\/div>\n\t\t<\/div>\n\t<\/div>\n<\/div><\/div><\/div><\/div><div class=\"vc_row wpb_row vc_row-fluid\" style=\"  \"><div class=\"wpb_column vc_column_container vc_col-sm-12\"><div class=\"vc_column-inner\" style=\"  \"><div class=\"wpb_wrapper\"><div class=\"wpb_gmaps_widget wpb_content_element\"><div class=\"wpb_wrapper\"><div class=\"wpb_map_wraper\"><iframe src=\"https:\/\/www.google.com\/maps\/embed?pb=!1m18!1m12!1m3!1d147552.08651182542!2d25.112951023342724!3d54.70080208763648!2m3!1f0!2f0!3f0!3m2!1i1024!2i768!4f13.1!3m3!1m2!1s0x46dd93fb5c6408f5%3A0x400d18c70e9dc40!2sVilnius!5e0!3m2!1slt!2slt!4v1643125163947!5m2!1slt!2slt\" width=\"600\" height=\"450\" style=\"border:0;\" allowfullscreen=\"\" loading=\"lazy\"><\/iframe><\/div><\/div><\/div><\/div><\/div><\/div><\/div>\n<\/div>","protected":false},"excerpt":{"rendered":"KontaktaiSusipa\u017einkim! Vardas El. pa\u0161tas J\u016bs\u0173 \u017einut\u0117: +370 662 12064 info@artimedia.pro Vilnius, Lietuva","protected":false},"author":1,"featured_media":0,"parent":0,"menu_order":0,"comment_status":"closed","ping_status":"closed","template":"template-landing.php","meta":{"_acf_changed":false,"_monsterinsights_skip_tracking":false,"_monsterinsights_sitenote_active":false,"_monsterinsights_sitenote_note":"","_monsterinsights_sitenote_category":0,"pgc_sgb_lightbox_settings":"","footnotes":""},"folder":[],"class_list":["post-271","page","type-page","status-publish","hentry"],"acf":[],"_links":{"self":[{"href":"https:\/\/artimedia.pro\/en\/wp-json\/wp\/v2\/pages\/271"}],"collection":[{"href":"https:\/\/artimedia.pro\/en\/wp-json\/wp\/v2\/pages"}],"about":[{"href":"https:\/\/artimedia.pro\/en\/wp-json\/wp\/v2\/types\/page"}],"author":[{"embeddable":true,"href":"https:\/\/artimedia.pro\/en\/wp-json\/wp\/v2\/users\/1"}],"replies":[{"embeddable":true,"href":"https:\/\/artimedia.pro\/en\/wp-json\/wp\/v2\/comments?post=271"}],"version-history":[{"count":6,"href":"https:\/\/artimedia.pro\/en\/wp-json\/wp\/v2\/pages\/271\/revisions"}],"predecessor-version":[{"id":3013,"href":"https:\/\/artimedia.pro\/en\/wp-json\/wp\/v2\/pages\/271\/revisions\/3013"}],"wp:attachment":[{"href":"https:\/\/artimedia.pro\/en\/wp-json\/wp\/v2\/media?parent=271"}],"wp:term":[{"taxonomy":"folder","embeddable":true,"href":"https:\/\/artimedia.pro\/en\/wp-json\/wp\/v2\/folder?post=271"}],"curies":[{"name":"wp","href":"https:\/\/api.w.org\/{rel}","templated":true}]}}