{"id":2744,"date":"2024-09-16T17:47:37","date_gmt":"2024-09-16T15:47:37","guid":{"rendered":"https:\/\/artimedia.pro\/?page_id=2744"},"modified":"2024-10-22T10:47:55","modified_gmt":"2024-10-22T08:47:55","slug":"kulturiniai-renginiai","status":"publish","type":"page","link":"https:\/\/artimedia.pro\/en\/kulturiniai-renginiai\/","title":{"rendered":"Events videography"},"content":{"rendered":"<div class=\"wpb-content-wrapper\"><div class=\"vc_row wpb_row vc_row-fluid vc_column-gap-on\" style=\"  \"><div class=\"wpb_column vc_column_container vc_col-sm-12\"><div class=\"vc_column-inner\" style=\"  \"><div class=\"wpb_wrapper\"><div class=\"vc_separator wpb_content_element vc_separator_align_center vc_sep_width_100 vc_sep_pos_align_center vc_separator_no_text vc_sep_color_grey wpb_content_element  wpb_content_element\" ><span class=\"vc_sep_holder vc_sep_holder_l\"><span class=\"vc_sep_line\"><\/span><\/span><span class=\"vc_sep_holder vc_sep_holder_r\"><span class=\"vc_sep_line\"><\/span><\/span>\n<\/div>\n\t<div class=\"wpb_text_column wpb_content_element\" >\n\t\t<div class=\"wpb_wrapper\">\n\t\t\t<p>Professional videography - concerts, festivals, public and private events.<\/p>\n<p><b>Why ARTi Production?<\/b><\/p>\n<ul>\n<li><b>High quality<\/b>: Modern, constantly updated video and audio equipment.<\/li>\n<li><b>Fast editing<\/b>: After the event, videos are promptly edited and delivered, ready for you to share with your audience without delay.<\/li>\n<li><b>Individual solutions<\/b>: Services tailored to your needs: choose the ideal team size, multi-camera setups, and customized editing formats to match your vision perfectly.<\/li>\n<li><b>Communication:<\/b> We prioritize clear communication to fully understand your needs and expectations, ensuring a seamless experience from start to finish.<\/li>\n<\/ul>\n\n\t\t<\/div>\n\t<\/div>\n<div class=\"portfolio-block\"><div class=\"portfolio-items row portfolio-type-masonry gap-on cols-3 hover-style2 portfolio-5b28d89dccd06 popup-gallery load-wrap\"><div class=\"grid-sizer col-1\"><\/div><article class=\"portfolio-item category-muzika-ir-kultura popup-item  image-center with-video col-xs-12 col-sm-4 col-md-4\"><div class=\"wrap  wpb_animate_when_almost_visible wpb_fadeInUp fadeInUp\"><div class=\"v-i ui-interface-play-button\"><\/div><div class=\"a-img\"><img loading=\"lazy\" decoding=\"async\" width=\"1024\" height=\"658\" src=\"https:\/\/artimedia.pro\/wp-content\/uploads\/2024\/06\/balaknatksi-hales-1024x658.png\" alt=\"Balkanaktis | Hal\u0117s Turgus 2023\"><\/div><h6><span class=\"cell\"><span>Balkanaktis | Hal\u0117s Turgus 2023<\/span><\/span><\/h6><\/div><a href=\"#\" class=\"link\" data-type=\"video\" data-size=\"1920x1080\" data-video='<div class=\"wrapper\"><div class=\"video-wrapper\"><iframe loading=\"lazy\" class=\"pswp__video\" width=\"1920\" height=\"1080\" src=\"https:\/\/youtube.com\/embed\/H1k6WemsfI8?rel=0&#038;showinfo=0\" frameborder=\"0\" allowfullscreen><\/iframe><\/div><\/div>' data-id=\"0\"><span><\/span><\/a><\/article><article class=\"portfolio-item category-muzika-ir-kultura popup-item  image-center with-video col-xs-12 col-sm-4 col-md-4\"><div class=\"wrap  wpb_animate_when_almost_visible wpb_fadeInUp fadeInUp\"><div class=\"v-i ui-interface-play-button\"><\/div><div class=\"a-img\"><img loading=\"lazy\" decoding=\"async\" width=\"930\" height=\"1024\" src=\"https:\/\/artimedia.pro\/wp-content\/uploads\/2024\/06\/sindikatas-vasaros-930x1024.png\" alt=\"G&amp;G Sindikatas | Vasaros Terasa &#039;24\"><\/div><h6><span class=\"cell\"><span>G&amp;G Sindikatas | Vasaros Terasa &#039;24<\/span><\/span><\/h6><\/div><a href=\"#\" class=\"link\" data-type=\"video\" data-size=\"1920x1080\" data-video='<div class=\"wrapper\"><div class=\"video-wrapper\"><iframe loading=\"lazy\" class=\"pswp__video\" width=\"1920\" height=\"1080\" src=\"https:\/\/youtube.com\/embed\/uxxQbMepTbE?rel=0&#038;showinfo=0\" frameborder=\"0\" allowfullscreen><\/iframe><\/div><\/div>' data-id=\"1\"><span><\/span><\/a><\/article><article class=\"portfolio-item category-muzika-ir-kultura popup-item  image-center with-video col-xs-12 col-sm-4 col-md-4\"><div class=\"wrap  wpb_animate_when_almost_visible wpb_fadeInUp fadeInUp\"><div class=\"v-i ui-interface-play-button\"><\/div><div class=\"a-img\"><img loading=\"lazy\" decoding=\"async\" width=\"1024\" height=\"739\" src=\"https:\/\/artimedia.pro\/wp-content\/uploads\/2024\/09\/darom22-1024x739.png\" alt=\"Darom Prie J\u016bros | Aftermovie &#039;22\"><\/div><h6><span class=\"cell\"><span>Darom Prie J\u016bros | Aftermovie &#039;22<\/span><\/span><\/h6><\/div><a href=\"#\" class=\"link\" data-type=\"video\" data-size=\"1920x1080\" data-video='<div class=\"wrapper\"><div class=\"video-wrapper\"><iframe loading=\"lazy\" class=\"pswp__video\" width=\"1920\" height=\"1080\" src=\"https:\/\/youtube.com\/embed\/DCPySKiZEHA?rel=0&#038;showinfo=0\" frameborder=\"0\" allowfullscreen><\/iframe><\/div><\/div>' data-id=\"2\"><span><\/span><\/a><\/article><article class=\"portfolio-item category-muzika-ir-kultura popup-item  image-center with-video col-xs-12 col-sm-4 col-md-4\"><div class=\"wrap  wpb_animate_when_almost_visible wpb_fadeInUp fadeInUp\"><div class=\"v-i ui-interface-play-button\"><\/div><div class=\"a-img\"><img loading=\"lazy\" decoding=\"async\" width=\"1024\" height=\"727\" src=\"https:\/\/artimedia.pro\/wp-content\/uploads\/2024\/10\/dpj23-1024x727.png\" alt=\"Darom Prie J\u016bros &#039;23\"><\/div><h6><span class=\"cell\"><span>Darom Prie J\u016bros &#039;23<\/span><\/span><\/h6><\/div><a href=\"#\" class=\"link\" data-type=\"video\" data-size=\"1920x1080\" data-video='<div class=\"wrapper\"><div class=\"video-wrapper\"><iframe loading=\"lazy\" class=\"pswp__video\" width=\"1920\" height=\"1080\" src=\"https:\/\/youtube.com\/embed\/kD7sckn9eC8?rel=0&#038;showinfo=0\" frameborder=\"0\" allowfullscreen><\/iframe><\/div><\/div>' data-id=\"3\"><span><\/span><\/a><\/article><article class=\"portfolio-item category-muzika-ir-kultura popup-item  image-center with-video col-xs-12 col-sm-4 col-md-4\"><div class=\"wrap  wpb_animate_when_almost_visible wpb_fadeInUp fadeInUp\"><div class=\"v-i ui-interface-play-button\"><\/div><div class=\"a-img\"><img loading=\"lazy\" decoding=\"async\" width=\"1024\" height=\"941\" src=\"https:\/\/artimedia.pro\/wp-content\/uploads\/2024\/10\/agne-goddess-1024x941.png\" alt=\"Agn\u0117 Bu\u0161kevi\u010di\u016bt\u0117 - Goddess Of Fire\"><\/div><h6><span class=\"cell\"><span>Agn\u0117 Bu\u0161kevi\u010di\u016bt\u0117 - Goddess Of Fire<\/span><\/span><\/h6><\/div><a href=\"#\" class=\"link\" data-type=\"video\" data-size=\"1920x1080\" data-video='<div class=\"wrapper\"><div class=\"video-wrapper\"><iframe loading=\"lazy\" class=\"pswp__video\" width=\"1920\" height=\"1080\" src=\"https:\/\/youtube.com\/embed\/J62_pNrrw8M?rel=0&#038;showinfo=0\" frameborder=\"0\" allowfullscreen><\/iframe><\/div><\/div>' data-id=\"4\"><span><\/span><\/a><\/article><article class=\"portfolio-item category-muzika-ir-kultura popup-item  image-center with-video col-xs-12 col-sm-4 col-md-4\"><div class=\"wrap  wpb_animate_when_almost_visible wpb_fadeInUp fadeInUp\"><div class=\"v-i ui-interface-play-button\"><\/div><div class=\"a-img\"><img loading=\"lazy\" decoding=\"async\" width=\"1024\" height=\"550\" src=\"https:\/\/artimedia.pro\/wp-content\/uploads\/2024\/10\/subtilus-vasarele-1024x550.png\" alt=\"Subtilus - Vasar\u0117l\u0117\"><\/div><h6><span class=\"cell\"><span>Subtilus - Vasar\u0117l\u0117<\/span><\/span><\/h6><\/div><a href=\"#\" class=\"link\" data-type=\"video\" data-size=\"1920x1080\" data-video='<div class=\"wrapper\"><div class=\"video-wrapper\"><iframe loading=\"lazy\" class=\"pswp__video\" width=\"1920\" height=\"1080\" src=\"https:\/\/youtube.com\/embed\/CE7_MsumBzM?rel=0&#038;showinfo=0\" frameborder=\"0\" allowfullscreen><\/iframe><\/div><\/div>' data-id=\"5\"><span><\/span><\/a><\/article><article class=\"portfolio-item category-muzika-ir-kultura popup-item  image-center with-video col-xs-12 col-sm-4 col-md-4\"><div class=\"wrap  wpb_animate_when_almost_visible wpb_fadeInUp fadeInUp\"><div class=\"v-i ui-interface-play-button\"><\/div><div class=\"a-img\"><img loading=\"lazy\" decoding=\"async\" width=\"1024\" height=\"894\" src=\"https:\/\/artimedia.pro\/wp-content\/uploads\/2024\/10\/mood-sellers-eisena23-1-1024x894.png\" alt=\"Mood Seller&#039;s Eisena &#039;23\"><\/div><h6><span class=\"cell\"><span>Mood Seller&#039;s Eisena &#039;23<\/span><\/span><\/h6><\/div><a href=\"#\" class=\"link\" data-type=\"video\" data-size=\"1920x1080\" data-video='<div class=\"wrapper\"><div class=\"video-wrapper\"><iframe loading=\"lazy\" class=\"pswp__video\" width=\"1920\" height=\"1080\" src=\"https:\/\/youtube.com\/embed\/Am6khG8nW64?rel=0&#038;showinfo=0\" frameborder=\"0\" allowfullscreen><\/iframe><\/div><\/div>' data-id=\"6\"><span><\/span><\/a><\/article><article class=\"portfolio-item category-muzika-ir-kultura popup-item  image-center col-xs-12 col-sm-4 col-md-4\"><div class=\"wrap  wpb_animate_when_almost_visible wpb_fadeInUp fadeInUp\"><div class=\"a-img\"><img loading=\"lazy\" decoding=\"async\" width=\"1024\" height=\"961\" src=\"https:\/\/artimedia.pro\/wp-content\/uploads\/2024\/10\/balkanaktis-loftas-1024x961.png\" alt=\"Balkanaktis Loftas &#039;24\"><\/div><h6><span class=\"cell\"><span>Balkanaktis Loftas &#039;24<\/span><\/span><\/h6><\/div><a href=\"https:\/\/artimedia.pro\/wp-content\/uploads\/2024\/10\/balkanaktis-loftas.png\" class=\"link\" data-size=\"1332x1250\" data-id=\"7\"><span><\/span><\/a><\/article><article class=\"portfolio-item category-muzika-ir-kultura popup-item  image-center with-video col-xs-12 col-sm-4 col-md-4\"><div class=\"wrap  wpb_animate_when_almost_visible wpb_fadeInUp fadeInUp\"><div class=\"v-i ui-interface-play-button\"><\/div><div class=\"a-img\"><img loading=\"lazy\" decoding=\"async\" width=\"1024\" height=\"575\" src=\"https:\/\/artimedia.pro\/wp-content\/uploads\/2024\/10\/kazimieras-lukiskes-1024x575.png\" alt=\"Kazimieras Lik\u0161a | Luki\u0161ki\u0173 koncerto filmas\"><\/div><h6><span class=\"cell\"><span>Kazimieras Lik\u0161a | Luki\u0161ki\u0173 koncerto filmas<\/span><\/span><\/h6><\/div><a href=\"#\" class=\"link\" data-type=\"video\" data-size=\"1920x1080\" data-video='<div class=\"wrapper\"><div class=\"video-wrapper\"><iframe loading=\"lazy\" class=\"pswp__video\" width=\"1920\" height=\"1080\" src=\"https:\/\/youtube.com\/embed\/xir_mVShndQ?rel=0&#038;showinfo=0\" frameborder=\"0\" allowfullscreen><\/iframe><\/div><\/div>' data-id=\"8\"><span><\/span><\/a><\/article><article class=\"portfolio-item category-muzika-ir-kultura popup-item  image-center with-video col-xs-12 col-sm-4 col-md-4\"><div class=\"wrap  wpb_animate_when_almost_visible wpb_fadeInUp fadeInUp\"><div class=\"v-i ui-interface-play-button\"><\/div><div class=\"a-img\"><img loading=\"lazy\" decoding=\"async\" width=\"696\" height=\"1024\" src=\"https:\/\/artimedia.pro\/wp-content\/uploads\/2024\/10\/subtilus-blast-696x1024.png\" alt=\"Subtilus | Blast\"><\/div><h6><span class=\"cell\"><span>Subtilus | Blast<\/span><\/span><\/h6><\/div><a href=\"#\" class=\"link\" data-type=\"video\" data-size=\"1920x1080\" data-video='<div class=\"wrapper\"><div class=\"video-wrapper\"><iframe loading=\"lazy\" class=\"pswp__video\" width=\"1920\" height=\"1080\" src=\"https:\/\/youtube.com\/embed\/4_xULSJSqd0?rel=0&#038;showinfo=0\" frameborder=\"0\" allowfullscreen><\/iframe><\/div><\/div>' data-id=\"9\"><span><\/span><\/a><\/article><\/div><\/div><div class=\"vc_separator wpb_content_element vc_separator_align_center vc_sep_width_100 vc_sep_pos_align_center vc_sep_color_grey wpb_content_element vc_separator-has-text\" ><span class=\"vc_sep_holder vc_sep_holder_l\"><span class=\"vc_sep_line\"><\/span><\/span><h4>Interested in video services? Get in touch!<\/h4><span class=\"vc_sep_holder vc_sep_holder_r\"><span class=\"vc_sep_line\"><\/span><\/span>\n<\/div><\/div><\/div><\/div><\/div><div class=\"vc_row wpb_row vc_row-fluid vc_custom_1642949469983\" style=\"  \"><div class=\"wpb_column vc_column_container vc_col-sm-12\"><div class=\"vc_column-inner\" style=\"  \"><div class=\"wpb_wrapper\"><div class=\"pt-special-heading pt-special-heading-5b31e89bee1c8  tac  vc_custom_1644260319002 decor-line-on-bottom\"><h6 class=\"sub-heading\">Contacts<\/h6><h2 class=\"heading\">Contact us<\/h2><\/div>\n\t<div class=\"wpb_text_column wpb_content_element\" >\n\t\t<div class=\"wpb_wrapper\">\n\t\t\t<div style=\"margin: 0 auto; max-width: 520px; text-align: center;\">\n<div style=\"margin: 0 auto; max-width: 520px; text-align: center;\">\n<div class=\"wpcf7 no-js\" id=\"wpcf7-f1853-o1\" lang=\"en-US\" dir=\"ltr\" data-wpcf7-id=\"1853\">\n<div class=\"screen-reader-response\"><p role=\"status\" aria-live=\"polite\" aria-atomic=\"true\"><\/p> <ul><\/ul><\/div>\n<form action=\"\/en\/wp-json\/wp\/v2\/pages\/2744#wpcf7-f1853-o1\" method=\"post\" class=\"wpcf7-form init\" aria-label=\"Contact form\" novalidate=\"novalidate\" data-status=\"init\" data-trp-original-action=\"\/en\/wp-json\/wp\/v2\/pages\/2744#wpcf7-f1853-o1\">\n<div style=\"display: none;\">\n<input type=\"hidden\" name=\"_wpcf7\" value=\"1853\" \/>\n<input type=\"hidden\" name=\"_wpcf7_version\" value=\"6.0.6\" \/>\n<input type=\"hidden\" name=\"_wpcf7_locale\" value=\"en_US\" \/>\n<input type=\"hidden\" name=\"_wpcf7_unit_tag\" value=\"wpcf7-f1853-o1\" \/>\n<input type=\"hidden\" name=\"_wpcf7_container_post\" value=\"0\" \/>\n<input type=\"hidden\" name=\"_wpcf7_posted_data_hash\" value=\"\" \/>\n<\/div>\n<div class=\"contact-form row\">\n\t<div class=\"col-xs-12 col-sm-6\">\n\t\t<p><label for=\"\">Name<\/label><span class=\"wpcf7-form-control-wrap\" data-name=\"f-name\"><input size=\"40\" maxlength=\"400\" class=\"wpcf7-form-control wpcf7-text style1\" aria-invalid=\"false\" value=\"\" type=\"text\" name=\"f-name\" \/><\/span>\n\t\t<\/p>\n\t<\/div>\n\t<div class=\"col-xs-12 col-sm-6\">\n\t\t<p><label for=\"\">Email<\/label><span class=\"wpcf7-form-control-wrap\" data-name=\"f-mail\"><input size=\"40\" maxlength=\"400\" class=\"wpcf7-form-control wpcf7-text style1\" aria-invalid=\"false\" value=\"\" type=\"text\" name=\"f-mail\" \/><\/span>\n\t\t<\/p>\n\t<\/div>\n\t<div class=\"col-xs-12\">\n\t\t<p><label for=\"\">Your enquiry:<\/label><span class=\"wpcf7-form-control-wrap\" data-name=\"f-text\"><textarea cols=\"40\" rows=\"4\" maxlength=\"2000\" class=\"wpcf7-form-control wpcf7-textarea style1\" aria-invalid=\"false\" name=\"f-text\"><\/textarea><\/span>\n\t\t<\/p>\n\t<\/div>\n\t<div class=\"col-xs-12\">\n\t\t<p><input class=\"wpcf7-form-control wpcf7-submit has-spinner button-style2\" type=\"submit\" value=\"Send\" \/>\n\t\t<\/p>\n\t<\/div>\n<\/div><div class=\"wpcf7-response-output\" aria-hidden=\"true\"><\/div>\n<input type=\"hidden\" name=\"trp-form-language\" value=\"en\"\/><\/form>\n<\/div>\n<\/div>\n<\/div>\n\n\t\t<\/div>\n\t<\/div>\n\n\t<div class=\"wpb_raw_code wpb_raw_html wpb_content_element vc_custom_1729586861055\" >\n\t\t<div class=\"wpb_wrapper\">\n\t\t\t<div class=\"bottom-contact block\"><div class=\"c\"><i class=\"base-icons-phone-call\"><\/i> <span>+370 662 12064<\/span><\/div><div class=\"c\"><i class=\"base-icons-envelope\"><\/i> <span>info@artimedia.pro<\/span><\/div><div class=\"c\"><i class=\"base-icons-placeholder\"><\/i> <span>Vilnius, Lietuva<\/span><\/div><\/div>\n\t\t<\/div>\n\t<\/div>\n<\/div><\/div><\/div><\/div>\n<\/div>","protected":false},"excerpt":{"rendered":"","protected":false},"author":1,"featured_media":0,"parent":0,"menu_order":0,"comment_status":"closed","ping_status":"closed","template":"","meta":{"_acf_changed":false,"_monsterinsights_skip_tracking":false,"_monsterinsights_sitenote_active":false,"_monsterinsights_sitenote_note":"","_monsterinsights_sitenote_category":0,"pgc_sgb_lightbox_settings":"","footnotes":""},"folder":[],"class_list":["post-2744","page","type-page","status-publish","hentry"],"acf":[],"_links":{"self":[{"href":"https:\/\/artimedia.pro\/en\/wp-json\/wp\/v2\/pages\/2744"}],"collection":[{"href":"https:\/\/artimedia.pro\/en\/wp-json\/wp\/v2\/pages"}],"about":[{"href":"https:\/\/artimedia.pro\/en\/wp-json\/wp\/v2\/types\/page"}],"author":[{"embeddable":true,"href":"https:\/\/artimedia.pro\/en\/wp-json\/wp\/v2\/users\/1"}],"replies":[{"embeddable":true,"href":"https:\/\/artimedia.pro\/en\/wp-json\/wp\/v2\/comments?post=2744"}],"version-history":[{"count":3,"href":"https:\/\/artimedia.pro\/en\/wp-json\/wp\/v2\/pages\/2744\/revisions"}],"predecessor-version":[{"id":2974,"href":"https:\/\/artimedia.pro\/en\/wp-json\/wp\/v2\/pages\/2744\/revisions\/2974"}],"wp:attachment":[{"href":"https:\/\/artimedia.pro\/en\/wp-json\/wp\/v2\/media?parent=2744"}],"wp:term":[{"taxonomy":"folder","embeddable":true,"href":"https:\/\/artimedia.pro\/en\/wp-json\/wp\/v2\/folder?post=2744"}],"curies":[{"name":"wp","href":"https:\/\/api.w.org\/{rel}","templated":true}]}}